{"id":27,"date":"2019-04-04T23:05:35","date_gmt":"2019-04-04T21:05:35","guid":{"rendered":"http:\/\/ftvmuttenzfreidorf.ch\/?page_id=27"},"modified":"2025-01-12T17:35:36","modified_gmt":"2025-01-12T16:35:36","slug":"impressum","status":"publish","type":"page","link":"https:\/\/ftvmuttenzfreidorf.ch\/?page_id=27","title":{"rendered":"Impressum"},"content":{"rendered":"\n<h3 class=\"wp-block-heading\">Verantwortlich f\u00fcr den Inhalt<\/h3>\n\n\n\n<p><strong>Frauenturnverein Muttenz-Freidorf<\/strong><\/p>\n\n\n\n<p>Pr\u00e4sidentin: Daniela Imbrogiano<br> E-Mail: praesidentin(at)ftvmuttenzfreidorf.ch <\/p>\n\n\n\n<p><br> <\/p>\n\n\n\n<h3 class=\"wp-block-heading\">Hinweis<\/h3>\n\n\n\n<p>Gef\u00e4llt Ihnen etwas auf unseren Seiten nicht? Haben Sie einen \nVerbesserungsvorschlag? Oder wollen Sie (konstruktive) Kritik loswerden?\n Alles kein Problem! Schreiben Sie uns einfach eine Email. Wir \nbeantworten Ihnen gerne jede Anfrage.<br>\nWir versuchen st\u00e4ndig, unser Angebot auf unsere Besucher zu optimieren \nund sind daher immer auf Ihre Hilfe angewiesen. Also schreiben Sie uns, \nwenn Sie etwas auf dem Herzen haben.<\/p>\n\n\n\n<h3 class=\"wp-block-heading\">Haftungsausschluss<\/h3>\n\n\n\n<p>Auf dieser Homepage werden gesch\u00fctzte Namen und  eingetragene Warenzeichen in der Regel nicht als solche gekennzeichnet.  Sie m\u00fcssen aber dennoch als solche angesehen und behandelt werden.<br> Sollten wir auf diesen Seiten gegen ein geltendes Copyright oder  Urheberrechtsgesetz verstossen, bitten wir um eine sofortige Nachricht  per Email (Betreff: \u201eCopyright\u201c), damit wir die entsprechenden Inhalte  gegebenenfalls sofort \u00e4ndern oder l\u00f6schen k\u00f6nnen.<\/p>\n\n\n\n<h3 class=\"wp-block-heading\">Rechtlicher Hinweis<\/h3>\n\n\n\n<p>Bei unseren externen Links handelt es sich um eine subjektive Auswahl  von Verweisen auf andere Internetseiten. F\u00fcr den Inhalt dieser Seiten  sind die jeweiligen Betreiber\/Verfasser selbst verantwortlich und  haftbar. Von etwaigen illegalen, pers\u00f6nlichkeitsverletzenden, moralisch  oder ethisch anst\u00f6ssigen Inhalten distanzieren wir uns in aller  Deutlichkeit. Bitte informieren Sie uns, wenn wir auf ein solches  Angebot linken sollten.<br> Der \u00abFTV Muttenz-Freidorf\u00bb ist als Inhaltsanbieter f\u00fcr die eigenen Inhalte,  die es zur Nutzung bereith\u00e4lt, nach den allgemeinen Gesetzen  verantwortlich. Von diesen eigenen Inhalten sind Querverweise (\u201eLinks\u201c)  auf die von anderen Anbietern bereitgehaltenen Inhalte zu unterscheiden.  F\u00fcr diese fremden Inhalte ist der \u00ab FTV Muttenz-Freidorf \u00bb nur dann  verantwortlich, wenn von ihnen (d.h. auch von einem rechtswidrigen bzw.  strafbaren Inhalt) positive Kenntnis vorliegt und es technisch m\u00f6glich  und zumutbar ist, deren Nutzung zu verhindern.<br> Bei \u00abLinks\u00bb handelt es sich allerdings stets um dynamische Verweisungen.  Der \u00ab FTV Muttenz-Freidorf \u00bb hat bei der erstmaligen Verkn\u00fcpfung zwar den  fremden Inhalt daraufhin \u00fcberpr\u00fcft, ob durch ihn eine m\u00f6gliche  zivilrechtliche oder strafrechtliche Verantwortlichkeit ausgel\u00f6st wird.  Der Inhaltsanbieter ist aber nicht dazu verpflichtet, die Inhalte, auf  die er in seinem Angebot verweist, st\u00e4ndig auf Ver\u00e4nderungen zu  \u00fcberpr\u00fcfen, die eine Verantwortlichkeit neu begr\u00fcnden k\u00f6nnten. Erst wenn  er feststellt oder von anderen darauf hingewiesen wird, dass ein  konkretes Angebot, zu dem er einen Link bereitgestellt hat, eine zivil-  oder strafrechtliche Verantwortlichkeit ausl\u00f6st, wird er den Verweis auf  dieses Angebot aufheben, soweit ihm dies technisch m\u00f6glich und zumutbar  ist. Die technische M\u00f6glichkeit und Zumutbarkeit wird nicht dadurch  beeinflusst, dass auch nach Unterbindung des Zugriffs von der \u00ab FTV Muttenz-Freidorf \u00bb Homepage von anderen Servern aus auf das rechtswidrige oder  strafbare Angebot zugegriffen werden kann.<\/p>\n\n\n\n<h3 class=\"wp-block-heading\">Haftung f\u00fcr Inhalte<\/h3>\n\n\n\n<p>Die Inhalte unserer Seiten wurden mit gr\u00f6sster Sorgfalt erstellt. F\u00fcr  die Richtigkeit, Vollst\u00e4ndigkeit und Aktualit\u00e4t der Inhalte k\u00f6nnen wir  jedoch keine Gew\u00e4hr \u00fcbernehmen. Der \u00abFTV Muttenz-Freidorf\u00bb ist f\u00fcr die eigenen  Inhalte auf diesen Seiten nach den allgemeinen Gesetzen verantwortlich.  Diensteanbieter sind jedoch nicht verpflichtet, die von ihnen  \u00fcbermittelten oder gespeicherten fremden Informationen zu \u00fcberwachen  oder nach Umst\u00e4nden zu forschen, die auf eine rechtswidrige T\u00e4tigkeit  hinweisen. Verpflichtungen zur Entfernung oder Sperrung der Nutzung von  Informationen nach den allgemeinen Gesetzen bleiben hiervon unber\u00fchrt.  Eine diesbez\u00fcgliche Haftung ist jedoch erst ab dem Zeitpunkt der  Kenntnis einer konkreten Rechtsverletzung m\u00f6glich. Bei bekannt werden  von entsprechenden Rechtsverletzungen werden wir diese Inhalte umgehend  entfernen.<\/p>\n\n\n\n<h3 class=\"wp-block-heading\">Haftung f\u00fcr Links<\/h3>\n\n\n\n<p>Bei unseren externen Links handelt es sich um eine subjektive Auswahl  von Verweisen auf andere Internetseiten. F\u00fcr den Inhalt dieser Seiten  sind die jeweiligen Betreiber\/Verfasser selbst verantwortlich und  haftbar. Von etwaigen illegalen, pers\u00f6nlichkeitsverletzenden, moralisch  oder ethisch anst\u00f6ssigen Inhalten distanzieren wir uns in aller  Deutlichkeit. Bitte informieren Sie uns, wenn wir auf ein solches  Angebot linken sollten.<br> Der \u00ab FTV Muttenz-Freidorf \u00bb ist als Inhaltsanbieter f\u00fcr die eigenen Inhalte,  die es zur Nutzung bereith\u00e4lt, nach den allgemeinen Gesetzen  verantwortlich. Von diesen eigenen Inhalten sind Querverweise (\u201eLinks\u201c)  auf die von anderen Anbietern bereitgehaltenen Inhalte zu unterscheiden.  F\u00fcr diese fremden Inhalte ist \u00ab FTV Muttenz-Freidorf \u00bb nur dann verantwortlich,  wenn von ihnen (d.h. auch von einem rechtswidrigen bzw. strafbaren  Inhalt) positive Kenntnis vorliegt und es technisch m\u00f6glich und zumutbar  ist, deren Nutzung zu verhindern.<br> Bei \u00abLinks\u00bb handelt es sich allerdings stets um dynamische Verweisungen.  Der \u00ab FTV Muttenz-Freidorf \u00bb hat bei der erstmaligen Verkn\u00fcpfung zwar den  fremden Inhalt daraufhin \u00fcberpr\u00fcft, ob durch ihn eine m\u00f6gliche  zivilrechtliche oder strafrechtliche Verantwortlichkeit ausgel\u00f6st wird.  Der Inhaltsanbieter ist aber nicht dazu verpflichtet, die Inhalte, auf  die er in seinem Angebot verweist, st\u00e4ndig auf Ver\u00e4nderungen zu  \u00fcberpr\u00fcfen, die eine Verantwortlichkeit neu begr\u00fcnden k\u00f6nnten. Erst wenn  er feststellt oder von anderen darauf hingewiesen wird, dass ein  konkretes Angebot, zu dem er einen Link bereitgestellt hat, eine zivil-  oder strafrechtliche Verantwortlichkeit ausl\u00f6st, wird er den Verweis auf  dieses Angebot aufheben, soweit ihm dies technisch m\u00f6glich und zumutbar  ist. Die technische M\u00f6glichkeit und Zumutbarkeit wird nicht dadurch  beeinflusst, dass auch nach Unterbindung des Zugriffs von der \u00ab FTV Muttenz-Freidorf \u00bb Homepage von anderen Servern aus auf das rechtswidrige oder  strafbare Angebot zugegriffen werden kann.<\/p>\n\n\n\n<h3 class=\"wp-block-heading\">Urheberrecht<\/h3>\n\n\n\n<p>Auf der \u00ab FTV Muttenz-Freidorf \u00bb Homepage werden gesch\u00fctzte Namen und  eingetragene Warenzeichen in der Regel nicht als solche gekennzeichnet.  Sie m\u00fcssen aber dennoch als solche angesehen und behandelt werden.<br> Sollten wir auf diesen Seiten gegen ein geltendes Copyright oder  Urheberrechtsgesetz verstossen, bitten wir um eine sofortige Nachricht  per Email (Betreff: \u201eCopyright\u201c), damit wir die entsprechenden Inhalte  gegebenenfalls sofort \u00e4ndern oder l\u00f6schen k\u00f6nnen.<br> Die Vervielf\u00e4ltigung, Bearbeitung, Verbreitung und jede Art der  Verwertung ausserhalb der Grenzen des Urheberrechtes bed\u00fcrfen der  schriftlichen Zustimmung des jeweiligen Autors bzw. Erstellers.  Downloads und Kopien dieser Seite sind nur f\u00fcr den privaten, nicht  kommerziellen Gebrauch gestattet.<\/p>\n\n\n\n<p><\/p>\n\n\n\n<p><\/p>\n\n\n\n<p><\/p>\n","protected":false},"excerpt":{"rendered":"<p>Verantwortlich f\u00fcr den Inhalt Frauenturnverein Muttenz-Freidorf Pr\u00e4sidentin: Daniela Imbrogiano E-Mail: praesidentin(at)ftvmuttenzfreidorf.ch Hinweis Gef\u00e4llt Ihnen etwas auf unseren Seiten nicht? Haben Sie einen Verbesserungsvorschlag? Oder wollen Sie (konstruktive) Kritik loswerden? Alles kein Problem! Schreiben Sie uns einfach eine Email. Wir beantworten Ihnen gerne jede Anfrage. Wir versuchen st\u00e4ndig, unser Angebot auf unsere Besucher zu optimieren und&hellip; <a href=\"https:\/\/ftvmuttenzfreidorf.ch\/?page_id=27\" class=\"more-link\">Weiterlesen <span class=\"screen-reader-text\">Impressum<\/span><\/a><\/p>\n","protected":false},"author":2,"featured_media":0,"parent":0,"menu_order":0,"comment_status":"closed","ping_status":"closed","template":"templates\/full-width-page.php","meta":{"footnotes":""},"class_list":["post-27","page","type-page","status-publish","hentry","without-featured-image"],"_links":{"self":[{"href":"https:\/\/ftvmuttenzfreidorf.ch\/index.php?rest_route=\/wp\/v2\/pages\/27","targetHints":{"allow":["GET"]}}],"collection":[{"href":"https:\/\/ftvmuttenzfreidorf.ch\/index.php?rest_route=\/wp\/v2\/pages"}],"about":[{"href":"https:\/\/ftvmuttenzfreidorf.ch\/index.php?rest_route=\/wp\/v2\/types\/page"}],"author":[{"embeddable":true,"href":"https:\/\/ftvmuttenzfreidorf.ch\/index.php?rest_route=\/wp\/v2\/users\/2"}],"replies":[{"embeddable":true,"href":"https:\/\/ftvmuttenzfreidorf.ch\/index.php?rest_route=%2Fwp%2Fv2%2Fcomments&post=27"}],"version-history":[{"count":3,"href":"https:\/\/ftvmuttenzfreidorf.ch\/index.php?rest_route=\/wp\/v2\/pages\/27\/revisions"}],"predecessor-version":[{"id":1120,"href":"https:\/\/ftvmuttenzfreidorf.ch\/index.php?rest_route=\/wp\/v2\/pages\/27\/revisions\/1120"}],"wp:attachment":[{"href":"https:\/\/ftvmuttenzfreidorf.ch\/index.php?rest_route=%2Fwp%2Fv2%2Fmedia&parent=27"}],"curies":[{"name":"wp","href":"https:\/\/api.w.org\/{rel}","templated":true}]}}